{"id":8,"date":"2016-02-01T01:16:32","date_gmt":"2016-02-01T01:16:32","guid":{"rendered":"http:\/\/www.andamiosburgos.es\/es\/?page_id=8"},"modified":"2020-11-08T16:19:32","modified_gmt":"2020-11-08T16:19:32","slug":"empresa","status":"publish","type":"page","link":"https:\/\/www.andamiosburgos.es\/es\/empresa\/","title":{"rendered":"Empresa"},"content":{"rendered":"<\/div><\/section><section class=\"blox  page-title-x  \" style=\" padding-top:px; padding-bottom:px;  background: url('https:\/\/www.andamiosburgos.es\/es\/wp-content\/uploads\/2016\/02\/banersupempresa1300x355sin.png') no-repeat ; background-position: center top;background-size: cover; min-height:355px; \"><div class=\"max-overlay\" style=\"background-color:\"><\/div><div class=\"wpb_row vc_row-fluid full-row\"><div class=\"container\"><div class=\"wpb_column vc_column_container vc_col-sm-8\"><div class=\"wpb_wrapper\"><div class=\"vc_empty_space\"  style=\"height: 32px\" ><span class=\"vc_empty_space_inner\"><\/span><\/div>\n<section class=\"vc_cta3-container vc_cta3-size-xl\">\n\t<div class=\"vc_general vc_cta3 vc_cta3-style-outline vc_cta3-shape-rounded vc_cta3-align-left vc_cta3-color-classic vc_cta3-icon-size-md vc_cta3-actions-bottom  wpb_animate_when_almost_visible wpb_bottom-to-top\">\n\t\t\t\t\t\t<div class=\"vc_cta3_content-container\">\n\t\t\t\t\t\t\t\t\t<div class=\"vc_cta3-content\">\n\t\t\t\t<header class=\"vc_cta3-content-header\">\n\t\t\t\t\t<h2>Andamios Burgos S.L.U<\/h2>\t\t\t\t\t<h4>Empresa l\u00edder en el sector<\/h4>\t\t\t\t<\/header>\n\t\t\t\t<p>Andamios Burgos y Gr\u00faas Bellver, empresas de confianza, con amplia experiencia en el sector, acometiendo obras de gran dificultad con un resultado optimo.<\/p>\n\t\t\t<\/div>\n\t\t\t<div class=\"vc_cta3-actions\"><div class=\"vc_btn3-container vc_btn3-inline\"><a class=\"vc_general vc_btn3 vc_btn3-size-md vc_btn3-shape-square vc_btn3-style-modern vc_btn3-color-danger\" href=\"https:\/\/www.andamiosburgos.es\/es\/contactar\/\" title=\"Cotacto Andamios Burgos\" target=\"_self\">Cont\u00e1ctanos<\/a><\/div>\n<\/div>\t\t\t\t\t<\/div>\n\t\t\t\t\t<\/div>\n<\/section>\n\n<\/div><\/div><div class=\"wpb_column vc_column_container vc_col-sm-4\"><div class=\"wpb_wrapper\">\n\t<div class=\"wpb_single_image wpb_content_element vc_align_center  wpb_animate_when_almost_visible wpb_bottom-to-top\">\n\t\t\n\t\t<figure class=\"wpb_wrapper vc_figure\">\n\t\t\t<div class=\"vc_single_image-wrapper   vc_box_border_grey\"><img loading=\"lazy\" decoding=\"async\" width=\"450\" height=\"431\" src=\"https:\/\/www.andamiosburgos.es\/es\/wp-content\/uploads\/2016\/02\/logroandamiosfondogau300x-1.png\" class=\"vc_single_image-img attachment-full\" alt=\"\" \/><\/div>\n\t\t<\/figure>\n\t<\/div>\n<\/div><\/div><\/div><\/div><\/section><section class=\"container\"><div class=\"row-wrapper-x\"><section class=\"wpb_row  \"><div class=\"wpb_column vc_column_container vc_col-sm-8\"><div class=\"wpb_wrapper\"><h4 class=\"subtitle\">Un poco sobre nosotros<\/h4>\n\t<div class=\"wpb_text_column wpb_content_element \">\n\t\t<div class=\"wpb_wrapper\">\n\t\t\t<p>Fundados en 1978 para ofrecer <strong>servicios<\/strong> a la <strong>construcci\u00f3n<\/strong> y a la <strong>industria<\/strong>, ofreciendo nuestra profesionalidad en la colocaci\u00f3n de elementos de elevaci\u00f3n como gr\u00faa torre o andamio europeo multidireccional y el\u00e9ctrico, montacarga.<\/p>\n<p>Ademas del <strong>montaje<\/strong> integral de elementos de <strong>elevaci\u00f3n<\/strong>, tambi\u00e9n alquilamos y\u00a0vendemos, <strong>andamio<\/strong>, gr\u00faas,\u00a0casetas de <strong>obra<\/strong>, contenedores y otros materiales.<\/p>\n\n\t\t<\/div>\n\t<\/div>\n<\/div><\/div><div class=\"wpb_column vc_column_container vc_col-sm-4\"><div class=\"wpb_wrapper\"><h4 class=\"subtitle\">Como ponerse en contacto<\/h4>\n\t<div class=\"wpb_text_column wpb_content_element \">\n\t\t<div class=\"wpb_wrapper\">\n\t\t\t<p>Para contactar con nosotros puede llamar al tel\u00e9fono +34 947 29 11 80 o bien enviar un correo electr\u00f3nico a info @ andamiosburgos.es.<\/p>\n<p>Si desean ponerse en contacto por correo ordinario nuestra direcci\u00f3n es, Ctra. Antigua Valladolid Km 4 09001 Burgos.<\/p>\n\n\t\t<\/div>\n\t<\/div>\n<div class=\"vc_btn3-container  wpb_animate_when_almost_visible wpb_right-to-left vc_btn3-inline\"><a class=\"vc_general vc_btn3 vc_btn3-size-md vc_btn3-shape-square vc_btn3-style-modern vc_btn3-color-grey\" href=\"https:\/\/www.andamiosburgos.es\/es\/contactar\/\" title=\"Contactar con Andamios Burgos S.L.U\" target=\"_self\">Formulario de contacto<\/a><\/div>\n<div class=\"vc_btn3-container  wpb_animate_when_almost_visible wpb_right-to-left vc_btn3-inline\"><a class=\"vc_general vc_btn3 vc_btn3-size-md vc_btn3-shape-square vc_btn3-style-modern vc_btn3-color-grey\" href=\"https:\/\/www.andamiosburgos.es\/es\/presupuestos\/\" title=\"Solicitar presupuesto Andamios Burgos S.L.U\" target=\"_self\">Formulario presupuestos<\/a><\/div>\n<\/div><\/div><\/section>\n","protected":false},"excerpt":{"rendered":"Andamios Burgos S.L.U Empresa l\u00edder en el sector Andamios Burgos y Gr\u00faas Bellver, empresas de confianza, con amplia experiencia en el sector, acometiendo obras de gran dificultad con un resultado optimo. Cont\u00e1ctanos Un poco sobre nosotros Fundados en 1978 para ofrecer servicios a la construcci\u00f3n y a la industria, ofreciendo nuestra profesionalidad en la colocaci\u00f3n de elementos de elevaci\u00f3n como gr\u00faa torre o andamio europeo... <br><br><a class=\"readmore\" href=\"https:\/\/www.andamiosburgos.es\/es\/empresa\/\">Read More<\/a>","protected":false},"author":1,"featured_media":0,"parent":0,"menu_order":0,"comment_status":"closed","ping_status":"closed","template":"","meta":{"footnotes":""},"_links":{"self":[{"href":"https:\/\/www.andamiosburgos.es\/es\/wp-json\/wp\/v2\/pages\/8"}],"collection":[{"href":"https:\/\/www.andamiosburgos.es\/es\/wp-json\/wp\/v2\/pages"}],"about":[{"href":"https:\/\/www.andamiosburgos.es\/es\/wp-json\/wp\/v2\/types\/page"}],"author":[{"embeddable":true,"href":"https:\/\/www.andamiosburgos.es\/es\/wp-json\/wp\/v2\/users\/1"}],"replies":[{"embeddable":true,"href":"https:\/\/www.andamiosburgos.es\/es\/wp-json\/wp\/v2\/comments?post=8"}],"version-history":[{"count":47,"href":"https:\/\/www.andamiosburgos.es\/es\/wp-json\/wp\/v2\/pages\/8\/revisions"}],"predecessor-version":[{"id":416,"href":"https:\/\/www.andamiosburgos.es\/es\/wp-json\/wp\/v2\/pages\/8\/revisions\/416"}],"wp:attachment":[{"href":"https:\/\/www.andamiosburgos.es\/es\/wp-json\/wp\/v2\/media?parent=8"}],"curies":[{"name":"wp","href":"https:\/\/api.w.org\/{rel}","templated":true}]}}