{"id":52,"date":"2016-02-01T17:23:06","date_gmt":"2016-02-01T17:23:06","guid":{"rendered":"http:\/\/www.andamiosburgos.es\/es\/?page_id=52"},"modified":"2016-03-14T22:51:11","modified_gmt":"2016-03-14T22:51:11","slug":"andamio-electrico","status":"publish","type":"page","link":"https:\/\/www.andamiosburgos.es\/es\/productos\/andamio-electrico\/","title":{"rendered":"Andamio El\u00e9ctrico"},"content":{"rendered":"<section class=\"wpb_row  \"><div class=\"wpb_column vc_column_container vc_col-sm-8\"><div class=\"wpb_wrapper\"><div class=\"vc_separator wpb_content_element vc_separator_align_center vc_sep_width_20 vc_sep_border_width_2 vc_sep_pos_align_left vc_separator_no_text vc_sep_color_grey\"><span class=\"vc_sep_holder vc_sep_holder_l\"><span  class=\"vc_sep_line\"><\/span><\/span><span class=\"vc_sep_holder vc_sep_holder_r\"><span  class=\"vc_sep_line\"><\/span><\/span>\n<\/div>\n\t<div class=\"wpb_text_column wpb_content_element \">\n\t\t<div class=\"wpb_wrapper\">\n\t\t\t<p>Tambi\u00e9n denominado <strong>plataforma elevadora<\/strong>, utilizados en fachadas nuevas y grandes reformas, m\u00e1quina eficiente y segura de Marca Espa\u00f1ola GOIAN.<\/p>\n<p>Dos tipos, <strong>monomastil<\/strong>\u00a0(un m\u00e1stil), hasta 12 metros de trabajo horizontal\u00a0y <strong>bimastil<\/strong> (dos\u00a0m\u00e1stiles) hasta 32 metros de trabajo.<\/p>\n\n\t\t<\/div>\n\t<\/div>\n<div class=\"wpb_images_carousel wpb_content_element vc_clearfix\">\n\t<div class=\"wpb_wrapper\">\n\t\t\t\t<div id=\"vc_images-carousel-1-1776210266\" data-ride=\"vc_carousel\" data-wrap=\"false\" style=\"width: 100%;\" data-interval=\"0\" data-auto-height=\"yes\" data-mode=\"horizontal\" data-partial=\"false\" data-per-view=\"1\" data-hide-on-end=\"true\" class=\"vc_slide vc_images_carousel\">\n\t\t\t\t\t\t\t<!-- Indicators -->\n\t\t\t\t<ol class=\"vc_carousel-indicators\">\n\t\t\t\t\t\t\t\t\t\t\t<li data-target=\"#vc_images-carousel-1-1776210266\" data-slide-to=\"0\"><\/li>\n\t\t\t\t\t\t\t\t\t\t\t<li data-target=\"#vc_images-carousel-1-1776210266\" data-slide-to=\"1\"><\/li>\n\t\t\t\t\t\t\t\t\t\t\t<li data-target=\"#vc_images-carousel-1-1776210266\" data-slide-to=\"2\"><\/li>\n\t\t\t\t\t\t\t\t\t<\/ol>\n\t\t\t\t\t\t<!-- Wrapper for slides -->\n\t\t\t<div class=\"vc_carousel-inner\">\n\t\t\t\t<div class=\"vc_carousel-slideline\">\n\t\t\t\t\t<div class=\"vc_carousel-slideline-inner\">\n\t\t\t\t\t\t\t\t\t\t\t\t\t\t\t\t\t\t\t\t<div class=\"vc_item\">\n\t\t\t\t\t\t\t\t<div class=\"vc_inner\">\n\t\t\t\t\t\t\t\t\t\t\t\t\t\t\t\t\t\t\t\t\t\t\t\t\t\t\t\t\t\t\t\t\t\t\t\t<\/div>\n\t\t\t\t\t\t\t<\/div>\n\t\t\t\t\t\t\t\t\t\t\t\t\t\t\t\t\t\t\t\t<div class=\"vc_item\">\n\t\t\t\t\t\t\t\t<div class=\"vc_inner\">\n\t\t\t\t\t\t\t\t\t\t\t\t\t\t\t\t\t\t\t\t\t\t\t\t\t\t\t\t\t\t\t\t\t\t\t\t<\/div>\n\t\t\t\t\t\t\t<\/div>\n\t\t\t\t\t\t\t\t\t\t\t\t\t\t\t\t\t\t\t\t<div class=\"vc_item\">\n\t\t\t\t\t\t\t\t<div class=\"vc_inner\">\n\t\t\t\t\t\t\t\t\t\t\t\t\t\t\t\t\t\t\t\t\t\t\t\t\t\t\t\t\t\t\t\t\t\t\t\t<\/div>\n\t\t\t\t\t\t\t<\/div>\n\t\t\t\t\t\t\t\t\t\t\t<\/div>\n\t\t\t\t<\/div>\n\t\t\t<\/div>\n\t\t\t\t\t\t\t<!-- Controls -->\n\t\t\t\t<a class=\"vc_left vc_carousel-control\" href=\"#vc_images-carousel-1-1776210266\" data-slide=\"prev\">\n\t\t\t\t\t<span class=\"icon-prev\"><\/span>\n\t\t\t\t<\/a>\n\t\t\t\t<a class=\"vc_right vc_carousel-control\" href=\"#vc_images-carousel-1-1776210266\" data-slide=\"next\">\n\t\t\t\t\t<span class=\"icon-next\"><\/span>\n\t\t\t\t<\/a>\n\t\t\t\t\t<\/div>\n\t<\/div>\n<\/div>\n<\/div><\/div><div class=\"wpb_column vc_column_container vc_col-sm-4\"><div class=\"wpb_wrapper\"><article class=\"callout\"><a class=\"callurl\" href=\"http:\/\/www.andamiosburgos.es\/es\/presupuestos\/\">Solicitar<\/a><h3>Solicite un presupuesto <\/h3><p>Pida presupuesto sin compromiso sobre este producto u otros relacionados.<\/p><\/article>\n<div class=\"vc_chart vc_round-chart wpb_content_element\" data-vc-legend=\"1\" data-vc-tooltips=\"1\" data-vc-animation=\"easeinOutCubic\" data-vc-stroke-color=\"#ffffff\" data-vc-stroke-width=\"2\" data-vc-type=\"pie\" data-vc-values=\"[{&quot;value&quot;:45,&quot;color&quot;:&quot;#5472d2&quot;,&quot;highlight&quot;:&quot;#3c5ecc&quot;,&quot;label&quot;:&quot;Fachada obra nueva&quot;},{&quot;value&quot;:45,&quot;color&quot;:&quot;#fe6c61&quot;,&quot;highlight&quot;:&quot;#fe5043&quot;,&quot;label&quot;:&quot;Fachada reforma&quot;},{&quot;value&quot;:5,&quot;color&quot;:&quot;#5aa1e3&quot;,&quot;highlight&quot;:&quot;#4092df&quot;,&quot;label&quot;:&quot;industria&quot;},{&quot;value&quot;:5,&quot;color&quot;:&quot;#b97ebb&quot;,&quot;highlight&quot;:&quot;#ae6ab0&quot;,&quot;label&quot;:&quot;Otros&quot;}]\">\n\t<h2 class=\"wpb_heading\">Utilizado en:<\/h4>\n\t<div class=\"wpb_wrapper\">\n\t\t<div class=\"vc_chart-with-legend\"><canvas class=\"vc_round-chart-canvas\" width=\"1\" height=\"1\"><\/canvas><\/div><ul class=\"vc_chart-legend\"><li><span style=\"background-color:#5472d2\"><\/span>Fachada obra nueva<\/li><li><span style=\"background-color:#fe6c61\"><\/span>Fachada reforma<\/li><li><span style=\"background-color:#5aa1e3\"><\/span>industria<\/li><li><span style=\"background-color:#b97ebb\"><\/span>Otros<\/li><\/ul>\n\t<\/div>\n<\/div>\n<\/div><\/div><\/section><section class=\"wpb_row  \"><div class=\"wpb_column vc_column_container vc_col-sm-4\"><div class=\"wpb_wrapper\"><\/div><\/div><\/section>\n","protected":false},"excerpt":{"rendered":"Tambi\u00e9n denominado plataforma elevadora, utilizados en fachadas nuevas y grandes reformas, m\u00e1quina eficiente y segura de Marca Espa\u00f1ola GOIAN. Dos tipos, monomastil\u00a0(un m\u00e1stil), hasta 12 metros de trabajo horizontal\u00a0y bimastil (dos\u00a0m\u00e1stiles) hasta 32 metros de trabajo. SolicitarSolicite un presupuesto Pida presupuesto sin compromiso sobre este producto u otros relacionados. Utilizado en: Fachada obra nuevaFachada reformaindustriaOtros","protected":false},"author":1,"featured_media":0,"parent":10,"menu_order":0,"comment_status":"closed","ping_status":"closed","template":"","meta":{"footnotes":""},"_links":{"self":[{"href":"https:\/\/www.andamiosburgos.es\/es\/wp-json\/wp\/v2\/pages\/52"}],"collection":[{"href":"https:\/\/www.andamiosburgos.es\/es\/wp-json\/wp\/v2\/pages"}],"about":[{"href":"https:\/\/www.andamiosburgos.es\/es\/wp-json\/wp\/v2\/types\/page"}],"author":[{"embeddable":true,"href":"https:\/\/www.andamiosburgos.es\/es\/wp-json\/wp\/v2\/users\/1"}],"replies":[{"embeddable":true,"href":"https:\/\/www.andamiosburgos.es\/es\/wp-json\/wp\/v2\/comments?post=52"}],"version-history":[{"count":11,"href":"https:\/\/www.andamiosburgos.es\/es\/wp-json\/wp\/v2\/pages\/52\/revisions"}],"predecessor-version":[{"id":373,"href":"https:\/\/www.andamiosburgos.es\/es\/wp-json\/wp\/v2\/pages\/52\/revisions\/373"}],"up":[{"embeddable":true,"href":"https:\/\/www.andamiosburgos.es\/es\/wp-json\/wp\/v2\/pages\/10"}],"wp:attachment":[{"href":"https:\/\/www.andamiosburgos.es\/es\/wp-json\/wp\/v2\/media?parent=52"}],"curies":[{"name":"wp","href":"https:\/\/api.w.org\/{rel}","templated":true}]}}