{"id":304,"date":"2016-03-09T12:42:01","date_gmt":"2016-03-09T12:42:01","guid":{"rendered":"http:\/\/www.andamiosburgos.es\/es\/?page_id=304"},"modified":"2016-03-12T17:46:02","modified_gmt":"2016-03-12T17:46:02","slug":"aviso-legal","status":"publish","type":"page","link":"https:\/\/www.andamiosburgos.es\/es\/aviso-legal\/","title":{"rendered":"Aviso Legal"},"content":{"rendered":"<p>Condiciones generales de utilizaci\u00f3n de esta p\u00e1gina web:<br \/>\nEl presente aviso legal recoge las condiciones generales que rigen el acceso y el uso de este sitio web, en adelante \u201cel sitio web\u201d.<br \/>\nEl uso del sitio web implica la expresa y plena aceptaci\u00f3n de estas condiciones generales en la versi\u00f3n publicada en el momento en que el usuario acceda al mismo, sin perjuicio de las condiciones particulares que pudieran aplicarse a algunos de los servicios concretos del sitio web.<br \/>\nLey de Servicios de la Sociedad de la Informaci\u00f3n y del Comercio Electr\u00f3nico (LSSI)<br \/>\nEl propietario de esta P\u00e1gina Web, pone a disposici\u00f3n de los visitantes de la mencionada, una serie de datos que seg\u00fan la Ley 34\/2002 del 11 de julio. &#8211; LSSICE de \u201cServicios de la Sociedad y la Informaci\u00f3n de Comercio Electr\u00f3nico\u201d, son de obligada disposici\u00f3n tanto a los destinatarios del servicio como a los \u00f3rganos competentes:<br \/>\nNombre Fiscal: Andamios Burgos S.L.U<br \/>\nCIF, NIF o NIE:<br \/>\nDomicilio: Ctra. Antigua Valladolid KM 4 09001 Burgos<br \/>\nAptdo. Correos, C.P.09001<br \/>\nCtra. Antigua Valladolid KM 4 09001 Burgos<br \/>\nTel\u00e9fono: +34 947291180<br \/>\nCorreo Electr\u00f3nico: informaci\u00f3n@andamiosburgos.es<\/p>\n<p>Propiedad intelectual e industrial sobre los contenidos de la p\u00e1gina.<br \/>\nTodos los elementos que forman el sitio web, as\u00ed como la estructura, dise\u00f1o y c\u00f3digo fuente de la misma, son titularidad del autor citado y est\u00e1n protegidos por la normativa de propiedad intelectual e industrial. Las fotograf\u00eda alojadas en esta web corresponden en su total propiedad a los autores citados junto a ellas.<br \/>\nNo se podr\u00e1n realizar actos de reproducci\u00f3n, modificaci\u00f3n, distribuci\u00f3n o comunicaci\u00f3n p\u00fablica del sitio web o alguno de sus elementos sin el previo consentimiento de esta web.<br \/>\nLos usuarios del sitio web \u00fanicamente podr\u00e1n realizar un uso privado y personal de los contenidos de \u00e9ste.<br \/>\nEst\u00e1 absolutamente prohibido, el uso del sitio web o de alguno de sus elementos con fines comerciales o il\u00edcitos.<br \/>\nEsta web no asumir\u00e1 ninguna responsabilidad derivada del uso por terceros del contenido del sitio web y podr\u00e1 ejercitar todas las acciones civiles o penales que le correspondan en caso de infracci\u00f3n de estos derechos por parte del usuario.<br \/>\nProtecci\u00f3n de datos de car\u00e1cter personal (LOPD).<br \/>\nDe acuerdo con la Ley Org\u00e1nica 15\/1999 de 13 de diciembre de Protecci\u00f3n de Datos de Car\u00e1cter Personal, esta web se compromete al cumplimiento de su obligaci\u00f3n de secreto con respecto a los datos de car\u00e1cter personal y al deber de tratarlos con confidencialidad. A estos efectos, adoptar\u00e1 las medidas necesarias para evitar su alteraci\u00f3n, p\u00e9rdida, tratamiento o acceso no autorizado.<br \/>\nLa recogida y tratamiento automatizado de los datos personales tiene como finalidad la gesti\u00f3n, prestaci\u00f3n, ampliaci\u00f3n y mejora de los servicios al usuario.<br \/>\nEl usuario podr\u00e1 ejercitar en todo momento los derechos de acceso, rectificaci\u00f3n, cancelaci\u00f3n u oposici\u00f3n, dirigi\u00e9ndose por escrito, a esta web, acompa\u00f1ando fotocopia de D.N.I.<br \/>\nModificaciones.<br \/>\nCon el fin de mejorar las prestaciones del sitio web, se reserva el derecho, en cualquier momento y sin previa notificaci\u00f3n al usuario, a modificar ampliar o suspender temporalmente la presentaci\u00f3n, configuraci\u00f3n, especificaciones t\u00e9cnicas y servicios del sitio web, de forma unilateral.<br \/>\nAsimismo se reserva el derecho de modificar en cualquier momento las presentes condiciones de uso as\u00ed como cualesquiera otras condiciones particulares.<br \/>\nHiperenlaces.<br \/>\nPor los hiperenlaces contenidos en el sitio web que pueden dirigir a p\u00e1ginas web de terceros, no se asume ninguna responsabilidad por el contenido, informaciones o servicios que pudieran aparecer en dichos sitios, que tendr\u00e1n exclusivamente car\u00e1cter informativo y que en ning\u00fan caso implican relaci\u00f3n alguna entre esta web y a las personas o entidades titulares de tales contenidos o titulares de los sitios donde se encuentren.<br \/>\n1. CONDICIONES GENERALES Y SU ACEPTACI\u00d3N<br \/>\nEstas condiciones generales (en adelante, las \u00b4Condiciones Generales\u00b4) regulan el uso del servicio de nuestra Web Site de Internet \u00b4www.andamiosburgos.es\u00b4, (en adelante, la \u00b4Web Site\u00b4) que Andamios Burgos S.L.U pone gratuitamente a disposici\u00f3n de los usuarios de Internet.<br \/>\nLa utilizaci\u00f3n de nuestra Web Site atribuye la condici\u00f3n de usuario de nuestra Web Site (en adelante, el \u00b4Usuario\u00b4) y supone la aceptaci\u00f3n plena y sin reservas por el Usuario de todas y cada una de las Condiciones Generales en la versi\u00f3n publicada por Andamios Burgos S.L.U en el momento mismo en que el Usuario acceda a nuestra Web Site. En consecuencia, el Usuario debe leer atentamente las Condiciones Generales en cada una de las ocasiones en que se proponga utilizar nuestra Web Site.<br \/>\nAsimismo, la utilizaci\u00f3n del Servicio se encuentra sometida igualmente a todos los avisos, reglamentos de uso e instrucciones puestos en conocimiento del Usuario por Andamios Burgos S.L.U que completan lo previsto en estas Condiciones Generales en cuanto no se opongan a ellas. Andamios Burgos S.L.U se reserva el derecho a denegar o retirar el acceso a su Web Site, en cualquier momento y sin necesidad de preaviso, a aquellos Usuarios que incumplan las presentes Condiciones Generales as\u00ed como las Condiciones Particulares que resulten de aplicaci\u00f3n.<br \/>\n2. CONDICIONES DE ACCESO Y UTILIZACI\u00d3N DEL WEB SITE<br \/>\n2.1. Tratamiento de datos de car\u00e1cter personal.<br \/>\nEn nuestra Web Site, el Usuario puede navegar sin dar informaci\u00f3n personal y permanecer en el anonimato durante su visita. A los efectos de lo previsto en la Ley Org\u00e1nica 15\/1999, de 13 de diciembre, de Protecci\u00f3n de Datos de Car\u00e1cter Personal, Andamios Burgos S.L.U informa al Usuario de la existencia de un fichero de datos de car\u00e1cter personal creado por y para Andamios Burgos S.L.U y bajo su responsabilidad, con la finalidad de mandar informaci\u00f3n sobre novedades, promociones y cualquier otro tipo de informaci\u00f3n relacionado con \u201cAndamios Burgos S.L.U\u201d y otras empresas del grupo que puedan ser de inter\u00e9s para el Usuario.<br \/>\nAndamios Burgos S.L.U recoger\u00e1 del Usuario los siguientes datos, imprescindibles para gestionar su relaci\u00f3n con aquel:<br \/>\n\u2022 Nombre y Apellidos<br \/>\n\u2022 Nombre de la empresa<br \/>\n\u2022 e-mail<br \/>\n\u2022 Tel\u00e9fono<br \/>\n\u2022 Fax<br \/>\n\u2022 Tipo de v\u00eda<br \/>\n\u2022 Nombre de la v\u00eda<br \/>\n\u2022 N\u00ba de la v\u00eda<br \/>\n\u2022 Localidad<br \/>\n\u2022 Provincia<br \/>\n\u2022 C.P<br \/>\n\u2022 Pa\u00eds<br \/>\n2.2. Derecho de oposici\u00f3n, correcci\u00f3n y actualizaci\u00f3n de datos.<br \/>\nDe conformidad con la Ley Org\u00e1nica 15\/1999 de 13 de diciembre de Protecci\u00f3n de Datos de car\u00e1cter personal, el Usuario podr\u00e1 en todo momento ejercitar los derechos de acceso, rectificaci\u00f3n, cancelaci\u00f3n y oposici\u00f3n comunic\u00e1ndolo por escrito a: Andamios Burgos S.L.U, Ctra. Antigua Valladolid KM 4 09001 Burgos.<br \/>\n3. DECLARACIONES Y USO RELACIONADO CON LA WEB SITE.<br \/>\n3.1. Declaraciones de Andamios Burgos S.L.U y limitaci\u00f3n de responsabilidad.<br \/>\nEsta Web Site ha sido elaborada de buena fe con informaci\u00f3n procedente desde fuentes externas e internas de Andamios Burgos S.L.U. Sin embargo, no se garantiza la exhaustividad, veracidad, exactitud o actualidad de toda la informaci\u00f3n que contiene ni, en particular, la utilidad de nuestra Web Site para la realizaci\u00f3n de alguna actividad en particular por el Usuario.<br \/>\nPor otra parte Andamios Burgos S.L.U no controla ni garantiza la ausencia de virus ni otros elementos al acceder a nuestra Web Site que pueda producir alteraciones en los documentos electr\u00f3nicos y ficheros almacenados en su sistema inform\u00e1tico. Por ello, Andamios Burgos S.L.U declina toda responsabilidad por los da\u00f1os y perjuicios de toda naturaleza que puedan deberse al uso que los Usuarios hacen del Web Site y de sus servicios o contenidos.<br \/>\nAndamios Burgos S.L.U no garantiza la disponibilidad y continuidad del funcionamiento de su Web Site y\/o de sus servicios. No obstante, cuando ello sea razonablemente posible, Andamios Burgos S.L.U advertir\u00e1 previamente las interrupciones en el funcionamiento de nuestra Web Site y de los Servicios.<br \/>\nEn este contexto Andamios Burgos S.L.U declina cualquier responsabilidad por los da\u00f1os y perjuicios de toda naturaleza que puedan deberse a la falta de disponibilidad o de continuidad del funcionamiento de nuestra Web Site y de los servicios.<br \/>\n3.2. Uso correcto de los contenidos de la Web Site por el Usuario.<br \/>\n\u201cAndamios Burgos S.L.U\u201d declara que los derechos de propiedad industrial (Marcas, Nombres comerciales, etc.) que aparecen en esta Web Site son de su propiedad y\/o se encuentran leg\u00edtimamente explotados en virtud de acuerdos o licencias de uso, encontr\u00e1ndose debidamente protegidos por la Normativa existente sobre Propiedad Industrial. El Usuario se obliga a usar la Web Site de forma diligente, correcta y l\u00edcita y, en particular, se compromete a abstenerse de:<br \/>\na. Suprimir, eludir o manipular el \u00b4copyright\u00b4, marcas y dem\u00e1s datos identificativos de los derechos de Andamios Burgos S.L.U o de sus titulares incorporados a los contenidos y\/o productos comercializados desde nuestra Web Site, as\u00ed como los dispositivos t\u00e9cnicos de protecci\u00f3n, las huellas digitales o cualesquiera mecanismos de informaci\u00f3n que pudieren contener los mismos.<br \/>\nb. Emplear los contenidos y, en particular, la informaci\u00f3n de Andamios Burgos S.L.U obtenida a trav\u00e9s de nuestra Web Site para remitir publicidad, comunicaciones con fines de venta directa o con cualquier otra clase de finalidad comercial, mensajes no solicitados dirigidos a una pluralidad de personas.<br \/>\nc. Reproducir o copiar, distribuir, permitir el acceso del p\u00fablico a trav\u00e9s de cualquier modalidad de comunicaci\u00f3n p\u00fablica, transformar o modificar los contenidos, a menos que se cuente con la autorizaci\u00f3n del titular de los correspondientes derechos o ello resulte legalmente permitido.<br \/>\nd. En general, utilizar los contenidos de forma, con fines o efectos contrarios a la ley, a la moral y a las buenas costumbres generalmente aceptadas o al orden p\u00fablico. Andamios Burgos S.L.U no concede ninguna licencia o autorizaci\u00f3n de uso de ninguna clase sobre sus derechos de propiedad industrial e intelectual o sobre cualquier otra propiedad o derecho relacionado con su Web Site.<br \/>\n3.3. Procedimiento en caso de violaci\u00f3n de derechos de propiedad intelectual.<br \/>\nEn el caso de que cualquier Usuario o un tercero considere que cualquiera de los contenidos ha sido introducido en su Web Site con violaci\u00f3n de sus derechos de propiedad intelectual deber\u00e1 enviar una notificaci\u00f3n a Andamios Burgos S.L.U con indicaci\u00f3n completa y precisa de sus datos y de los derechos de propiedad intelectual supuestamente infringidos as\u00ed como la Web Site.<br \/>\n4. LEY APLICABLE Y JURISDICCI\u00d3N<br \/>\nEsta Web ha sido creada de conformidad con la legalidad y los c\u00f3digos de pr\u00e1ctica publicitaria existentes en Espa\u00f1a.<br \/>\nAndamios Burgos S.L.U y el Usuario, con renuncia expresa a cualquier otro fuero, se someten a los Juzgados y Tribunales del domicilio del Usuario para cualquier controversia que pudiera derivarse de la prestaci\u00f3n de los servicios objeto de estas Condiciones Generales.<br \/>\nEn el caso de que el Usuario tenga su domicilio fuera de Espa\u00f1a, Andamios Burgos S.L.U y el Usuario se someten, con renuncia expresa a cualquier otro fuero, a los juzgados y tribunales de la ciudad de Burgos (Espa\u00f1a).<\/p>\n<p>&nbsp;<\/p>\n<p>&nbsp;<\/p>\n","protected":false},"excerpt":{"rendered":"<p>Condiciones generales de utilizaci\u00f3n de esta p\u00e1gina web: El presente aviso legal recoge las condiciones generales que rigen el acceso y el uso de este sitio web, en adelante \u201cel sitio web\u201d. El uso del sitio web implica la expresa y plena aceptaci\u00f3n de estas condiciones generales en la versi\u00f3n publicada en el momento en que el usuario acceda al mismo, sin perjuicio de las&#8230; <\/p>\n<p><a class=\"readmore\" href=\"https:\/\/www.andamiosburgos.es\/es\/aviso-legal\/\">Read More<\/a><\/p>\n","protected":false},"author":1,"featured_media":0,"parent":0,"menu_order":0,"comment_status":"closed","ping_status":"closed","template":"","meta":{"footnotes":""},"_links":{"self":[{"href":"https:\/\/www.andamiosburgos.es\/es\/wp-json\/wp\/v2\/pages\/304"}],"collection":[{"href":"https:\/\/www.andamiosburgos.es\/es\/wp-json\/wp\/v2\/pages"}],"about":[{"href":"https:\/\/www.andamiosburgos.es\/es\/wp-json\/wp\/v2\/types\/page"}],"author":[{"embeddable":true,"href":"https:\/\/www.andamiosburgos.es\/es\/wp-json\/wp\/v2\/users\/1"}],"replies":[{"embeddable":true,"href":"https:\/\/www.andamiosburgos.es\/es\/wp-json\/wp\/v2\/comments?post=304"}],"version-history":[{"count":5,"href":"https:\/\/www.andamiosburgos.es\/es\/wp-json\/wp\/v2\/pages\/304\/revisions"}],"predecessor-version":[{"id":397,"href":"https:\/\/www.andamiosburgos.es\/es\/wp-json\/wp\/v2\/pages\/304\/revisions\/397"}],"wp:attachment":[{"href":"https:\/\/www.andamiosburgos.es\/es\/wp-json\/wp\/v2\/media?parent=304"}],"curies":[{"name":"wp","href":"https:\/\/api.w.org\/{rel}","templated":true}]}}