{"id":293,"date":"2016-03-08T16:21:01","date_gmt":"2016-03-08T16:21:01","guid":{"rendered":"http:\/\/www.andamiosburgos.es\/es\/?page_id=293"},"modified":"2016-03-12T17:50:29","modified_gmt":"2016-03-12T17:50:29","slug":"aviso-cookies","status":"publish","type":"page","link":"https:\/\/www.andamiosburgos.es\/es\/aviso-cookies\/","title":{"rendered":"Aviso Cookies"},"content":{"rendered":"<p>En cumplimiento del Real Decreto Ley 13\/2012, del 30 de marzo por el que se modifica la Ley de Servicios de Sociedad de la Informaci\u00f3n, y relativo a la utilizaci\u00f3n de cookies en p\u00e1ginas Webs; GRUAS BELLVER, S.LU le informa que este sitio Web utiliza cookies para poder medir y analizar el tr\u00e1fico de la Web, para facilitarle su experiencia como usuario y ofrecerle un mejor servicio. Si lo desea puede configurar su navegador para ser avisado en pantalla de la recepci\u00f3n de cookies o bien para impedir la instalaci\u00f3n de las mismas, teniendo en cuenta que de esta forma dejar\u00eda de tener acceso a ciertas funciones en Internet.<\/p>\n<h3>Definici\u00f3n y funci\u00f3n de las Cookies<\/h3>\n<p>Una\u00a0cookie\u00a0es un peque\u00f1o archivo creado por un sitio de Internet para almacenar informaci\u00f3n en su equipo, como por ejemplo, las preferencias cuando se visita una web. Cuando se accede a una p\u00e1gina Web que utiliza cookies, \u00e9sta solicita al navegador que guarde una o m\u00e1s cookies en el disco duro.<br \/>\nLas cookies a menudo guardan la configuraci\u00f3n de los sitios web, como el idioma preferido o la ubicaci\u00f3n. As\u00ed, cuando el usuario vuelve a esa p\u00e1gina Web, el navegador env\u00eda de nuevo las cookies que le pertenecen, lo que le permite prestar servicio e informaci\u00f3n personalizada en funci\u00f3n de las necesidades.<br \/>\nLas cookies tambi\u00e9n pueden llegar a guardar informaci\u00f3n que identifique personalmente a los usuarios, sin embargo este sitio web no utiliza este tipo de cookies, y s\u00f3lo tendr\u00e1 acceso a la informaci\u00f3n personal que usted proporcione a trav\u00e9s de los formularios de contacto.<br \/>\nSe puede cambiar la configuraci\u00f3n de cookies del navegador que usted utiliza, para que le permita aprobar o rechazar autom\u00e1ticamente peticiones de almacenamiento de cookies cuando se cierra el navegador y otras opciones adicionales.<\/p>\n<h3>Tipos de cookies que utiliza esta p\u00e1gina Web<\/h3>\n<ul>\n<li><u>T\u00e9cnicas<\/u><br \/>\nEste tipo de cookies facilita informaci\u00f3n sobre el uso que el usuario realiza de la Web, como por ejemplo, qu\u00e9 paginas ha visitado o si ha tenido problemas t\u00e9cnicos en los accesos. Estas cookies no permiten identificarle, puesto que la informaci\u00f3n que recogen es an\u00f3nima y ser\u00e1 utilizada \u00fanicamente para trabajos de mejora de dise\u00f1o de la p\u00e1gina y de navegaci\u00f3n, estad\u00edsticas de uso, etc. Permiten que la web funcione de forma m\u00e1s \u00e1gil y adaptada a las preferencias de los usuarios.<\/li>\n<li><u>De registro<\/u><br \/>\nSe crean al registrarte o cuando inicia una sesi\u00f3n como usuario de la Web.<\/li>\n<li><u>De personalizaci\u00f3n<\/u><br \/>\nPermiten personalizar las funciones o contenidos del sitio web en funci\u00f3n de los datos obtenidos del navegador.<\/li>\n<li><u>Estado de la sesi\u00f3n<\/u><br \/>\nEstas cookies guardan la informaci\u00f3n necesaria durante la sesi\u00f3n y los cambios relacionados con ella, y tambi\u00e9n determinan si est\u00e1 registrado o no en la web.<\/li>\n<li><u>Procesos<\/u><br \/>\nLas cookies de procesos permiten el funcionamiento del sitio web y ofrecen servicios esperados por el usuario que accede al sitio web como, por ejemplo, la navegaci\u00f3n por p\u00e1ginas web o el acceso a \u00e1reas seguras del sitio web.<\/li>\n<\/ul>\n<p>Relaci\u00f3n de Cookies utilizadas por el dominio www.andamiosburgos.es:<\/p>\n<p>Revocaci\u00f3n y eliminaci\u00f3n de Cookies<\/p>\n<p>Usted puede configurar su navegador para permitir, bloquear, eliminar o desactivar las cookies instaladas en su equipo, mediante la configuraci\u00f3n de las opciones del navegador instalado en su equipo. En caso que no permita la instalaci\u00f3n de cookies en su navegador es posible que no pueda acceder a alguna de las secciones o funcionalidades de este sitio web.<br \/>\nPara configurar el navegador, desactivar o administrar la instalaci\u00f3n de cookies, y que de este modo se borren autom\u00e1ticamente una vez que se cierre el navegador, equipo o dispositivo, puede obtener m\u00e1s informaci\u00f3n haciendo \u201cclick\u201d en los siguientes enlaces que le proporcionamos, en funci\u00f3n del navegador que usted utiliza:<\/p>\n<ul>\n<li><a href=\"http:\/\/support.google.com\/chrome\/bin\/answer.py?hl=es&amp;answer=95647\">Google Chrome<\/a><\/li>\n<li><a href=\"http:\/\/support.mozilla.org\/es\/kb\/cookies-informacion-que-los-sitios-web-guardan-en-?redirectlocale=en-US&amp;redirectslug=Cookies\">Mozilla Firefox<\/a><\/li>\n<li><a href=\"http:\/\/windows.microsoft.com\/es-xl\/internet-explorer\/delete-manage-cookies#ie=ie-11\">Internet Explorer (Versi\u00f3n 11)<\/a><\/li>\n<li><a href=\"http:\/\/windows.microsoft.com\/es-xl\/internet-explorer\/delete-manage-cookies#ie=ie-10\">Internet Explorer (Versi\u00f3n 10)<\/a><\/li>\n<li><a href=\"http:\/\/windows.microsoft.com\/es-ES\/windows7\/How-to-manage-cookies-in-Internet-Explorer-9\">Internet Explorer (Versi\u00f3n 9)<\/a><\/li>\n<li><a href=\"http:\/\/windows.microsoft.com\/es-ES\/windows-vista\/Block-or-allow-cookies\">Internet Explorer (Versi\u00f3n 7 &amp; 8)<\/a><\/li>\n<li><a href=\"http:\/\/support.microsoft.com\/kb\/283185\/es\">Internet Explorer (Versi\u00f3n 6)<\/a><\/li>\n<li><a href=\"http:\/\/www.opera.com\/help\/tutorials\/security\/privacy\/\">Opera<\/a><\/li>\n<li><a href=\"http:\/\/support.apple.com\/kb\/PH5042\">Safari web<\/a><\/li>\n<li><a href=\"http:\/\/support.apple.com\/kb\/HT1677\">Safari IOS<\/a><\/li>\n<\/ul>\n<p>De forma general la mayor\u00eda de navegadores permite el acceso r\u00e1pido a la eliminaci\u00f3n de los datos de navegaci\u00f3n, pulsando la secuencia de teclas Ctrl+Mayus+Supr, pudi\u00e9ndose borrar las Cookies.<\/p>\n<h3>Actualizaci\u00f3n de nuestra Pol\u00edtica de Cookies<\/h3>\n<p>Es posible que actualicemos nuestra Pol\u00edtica de Cookies en este sitio Web en funci\u00f3n de exigencias legales o t\u00e9cnicas, por ello si lo desea, aconsejamos que revise esta pol\u00edtica en alguna ocasi\u00f3n, al objeto de estar adecuadamente informado sobre c\u00f3mo y para qu\u00e9 usamos las cookies.<\/p>\n","protected":false},"excerpt":{"rendered":"<p>En cumplimiento del Real Decreto Ley 13\/2012, del 30 de marzo por el que se modifica la Ley de Servicios de Sociedad de la Informaci\u00f3n, y relativo a la utilizaci\u00f3n de cookies en p\u00e1ginas Webs; GRUAS BELLVER, S.LU le informa que este sitio Web utiliza cookies para poder medir y analizar el tr\u00e1fico de la Web, para facilitarle su experiencia como usuario y ofrecerle un&#8230; <\/p>\n<p><a class=\"readmore\" href=\"https:\/\/www.andamiosburgos.es\/es\/aviso-cookies\/\">Read More<\/a><\/p>\n","protected":false},"author":1,"featured_media":0,"parent":0,"menu_order":0,"comment_status":"closed","ping_status":"closed","template":"","meta":{"footnotes":""},"_links":{"self":[{"href":"https:\/\/www.andamiosburgos.es\/es\/wp-json\/wp\/v2\/pages\/293"}],"collection":[{"href":"https:\/\/www.andamiosburgos.es\/es\/wp-json\/wp\/v2\/pages"}],"about":[{"href":"https:\/\/www.andamiosburgos.es\/es\/wp-json\/wp\/v2\/types\/page"}],"author":[{"embeddable":true,"href":"https:\/\/www.andamiosburgos.es\/es\/wp-json\/wp\/v2\/users\/1"}],"replies":[{"embeddable":true,"href":"https:\/\/www.andamiosburgos.es\/es\/wp-json\/wp\/v2\/comments?post=293"}],"version-history":[{"count":2,"href":"https:\/\/www.andamiosburgos.es\/es\/wp-json\/wp\/v2\/pages\/293\/revisions"}],"predecessor-version":[{"id":342,"href":"https:\/\/www.andamiosburgos.es\/es\/wp-json\/wp\/v2\/pages\/293\/revisions\/342"}],"wp:attachment":[{"href":"https:\/\/www.andamiosburgos.es\/es\/wp-json\/wp\/v2\/media?parent=293"}],"curies":[{"name":"wp","href":"https:\/\/api.w.org\/{rel}","templated":true}]}}