{"id":249,"date":"2016-02-23T17:01:41","date_gmt":"2016-02-23T17:01:41","guid":{"rendered":"http:\/\/www.andamiosburgos.es\/es\/?page_id=249"},"modified":"2017-07-31T11:03:38","modified_gmt":"2017-07-31T11:03:38","slug":"contacto","status":"publish","type":"page","link":"https:\/\/www.andamiosburgos.es\/es\/contacto\/","title":{"rendered":"Contacto"},"content":{"rendered":"<section class=\"wpb_row  \"><div class=\"wpb_column vc_column_container vc_col-sm-12\"><div class=\"wpb_wrapper\"><article class=\"callout\"><a class=\"callurl\" href=\"https:\/\/www.andamiosburgos.es\/es\/contactar\/\">Contactar<\/a><h3>Formulario para contactar<\/h3><p>Utilice este formulario para contactar con la empresa, envie sugerencias, informaci\u00f3n, consultas de todo tipo, solicitud de fichas t\u00e9cnicas u otros.<\/p><\/article><\/div><\/div><\/section><section class=\"wpb_row  \"><div class=\"wpb_column vc_column_container vc_col-sm-12\"><div class=\"wpb_wrapper\"><article class=\"callout\"><a class=\"callurl\" href=\"https:\/\/www.andamiosburgos.es\/es\/presupuestos\/\">Presupuestos<\/a><h3>Formulario para presupuestos<\/h3><p>Utilice este formulario para solicitar presupuestos de todo tipo sin compromiso, si a\u00f1ade consultas t\u00e9cnicas u otro tipo de informaci\u00f3n tambi\u00e9n ser\u00e1 atendida.<\/p><\/article><\/div><\/div><\/section>\n","protected":false},"excerpt":{"rendered":"ContactarFormulario para contactarUtilice este formulario para contactar con la empresa, envie sugerencias, informaci\u00f3n, consultas de todo tipo, solicitud de fichas t\u00e9cnicas u otros.PresupuestosFormulario para presupuestosUtilice este formulario para solicitar presupuestos de todo tipo sin compromiso, si a\u00f1ade consultas t\u00e9cnicas u otro tipo de informaci\u00f3n tambi\u00e9n ser\u00e1 atendida.","protected":false},"author":1,"featured_media":0,"parent":0,"menu_order":0,"comment_status":"closed","ping_status":"closed","template":"","meta":{"footnotes":""},"_links":{"self":[{"href":"https:\/\/www.andamiosburgos.es\/es\/wp-json\/wp\/v2\/pages\/249"}],"collection":[{"href":"https:\/\/www.andamiosburgos.es\/es\/wp-json\/wp\/v2\/pages"}],"about":[{"href":"https:\/\/www.andamiosburgos.es\/es\/wp-json\/wp\/v2\/types\/page"}],"author":[{"embeddable":true,"href":"https:\/\/www.andamiosburgos.es\/es\/wp-json\/wp\/v2\/users\/1"}],"replies":[{"embeddable":true,"href":"https:\/\/www.andamiosburgos.es\/es\/wp-json\/wp\/v2\/comments?post=249"}],"version-history":[{"count":4,"href":"https:\/\/www.andamiosburgos.es\/es\/wp-json\/wp\/v2\/pages\/249\/revisions"}],"predecessor-version":[{"id":386,"href":"https:\/\/www.andamiosburgos.es\/es\/wp-json\/wp\/v2\/pages\/249\/revisions\/386"}],"wp:attachment":[{"href":"https:\/\/www.andamiosburgos.es\/es\/wp-json\/wp\/v2\/media?parent=249"}],"curies":[{"name":"wp","href":"https:\/\/api.w.org\/{rel}","templated":true}]}}