{"id":24,"date":"2016-02-01T01:20:06","date_gmt":"2016-02-01T01:20:06","guid":{"rendered":"http:\/\/www.andamiosburgos.es\/es\/?page_id=24"},"modified":"2016-03-12T17:59:22","modified_gmt":"2016-03-12T17:59:22","slug":"contactar","status":"publish","type":"page","link":"https:\/\/www.andamiosburgos.es\/es\/contactar\/","title":{"rendered":"Contactar"},"content":{"rendered":"<section class=\"wpb_row  \"><div class=\"wpb_column vc_column_container vc_col-sm-4\"><div class=\"wpb_wrapper\"><article class=\"icon-box8\" ><img decoding=\"async\" src=\"https:\/\/www.andamiosburgos.es\/es\/wp-content\/uploads\/2016\/02\/logo_andamios_200x177.png\" \/><h4>Contacto<\/h4><p>Complete el fomulario que ve a continuaci\u00f3n, no olvide completar correctamente todo los campos.<\/p>\n<p>Pero si prefiere puede ponerse en contacto con nosotros llamando al Telf +34 947291180 o enviarnos un email a informacion@andamiosburgos.es.<\/p><\/article><\/div><\/div><div class=\"wpb_column vc_column_container vc_col-sm-8\"><div class=\"wpb_wrapper\">\n<div class=\"wpcf7 no-js\" id=\"wpcf7-f30-o1\" lang=\"es-ES\" dir=\"ltr\">\n<div class=\"screen-reader-response\"><p role=\"status\" aria-live=\"polite\" aria-atomic=\"true\"><\/p> <ul><\/ul><\/div>\n<form action=\"\/es\/wp-json\/wp\/v2\/pages\/24#wpcf7-f30-o1\" method=\"post\" class=\"wpcf7-form init\" aria-label=\"Formulario de contacto\" novalidate=\"novalidate\" data-status=\"init\">\n<div style=\"display: none;\">\n<input type=\"hidden\" name=\"_wpcf7\" value=\"30\" \/>\n<input type=\"hidden\" name=\"_wpcf7_version\" value=\"5.8.6\" \/>\n<input type=\"hidden\" name=\"_wpcf7_locale\" value=\"es_ES\" \/>\n<input type=\"hidden\" name=\"_wpcf7_unit_tag\" value=\"wpcf7-f30-o1\" \/>\n<input type=\"hidden\" name=\"_wpcf7_container_post\" value=\"0\" \/>\n<input type=\"hidden\" name=\"_wpcf7_posted_data_hash\" value=\"\" \/>\n<input type=\"hidden\" name=\"_wpcf7_recaptcha_response\" value=\"\" \/>\n<\/div>\n<p>Nombre (requerido)\n<\/p>\n<p><span class=\"wpcf7-form-control-wrap\" data-name=\"your-name\"><input size=\"40\" class=\"wpcf7-form-control wpcf7-text wpcf7-validates-as-required\" aria-required=\"true\" aria-invalid=\"false\" value=\"\" type=\"text\" name=\"your-name\" \/><\/span>\n<\/p>\n<p>Correo electr\u00f3nico (requerido)\n<\/p>\n<p><span class=\"wpcf7-form-control-wrap\" data-name=\"your-email\"><input size=\"40\" class=\"wpcf7-form-control wpcf7-email wpcf7-validates-as-required wpcf7-text wpcf7-validates-as-email\" aria-required=\"true\" aria-invalid=\"false\" value=\"\" type=\"email\" name=\"your-email\" \/><\/span>\n<\/p>\n<p>N\u00famero de tel\u00e9fono (requerido)\n<\/p>\n<p><span class=\"wpcf7-form-control-wrap\" data-name=\"number-332\"><input class=\"wpcf7-form-control wpcf7-number wpcf7-validates-as-required wpcf7-validates-as-number\" aria-required=\"true\" aria-invalid=\"false\" value=\"\" type=\"number\" name=\"number-332\" \/><\/span>\n<\/p>\n<p>Asunto\n<\/p>\n<p><span class=\"wpcf7-form-control-wrap\" data-name=\"your-message\"><textarea cols=\"40\" rows=\"10\" class=\"wpcf7-form-control wpcf7-textarea\" aria-invalid=\"false\" name=\"your-message\"><\/textarea><\/span>\n<\/p>\n<p><input class=\"wpcf7-form-control wpcf7-submit has-spinner\" type=\"submit\" value=\"Enviar\" \/>\n<\/p>\n<p style=\"display: none !important;\" class=\"akismet-fields-container\" data-prefix=\"_wpcf7_ak_\"><label>&#916;<textarea name=\"_wpcf7_ak_hp_textarea\" cols=\"45\" rows=\"8\" maxlength=\"100\"><\/textarea><\/label><input type=\"hidden\" id=\"ak_js_1\" name=\"_wpcf7_ak_js\" value=\"186\"\/><script>document.getElementById( \"ak_js_1\" ).setAttribute( \"value\", ( new Date() ).getTime() );<\/script><\/p><div class=\"wpcf7-response-output\" aria-hidden=\"true\"><\/div>\n<\/form>\n<\/div>\n<\/div><\/div><\/section><section class=\"wpb_row  \"><div class=\"wpb_column vc_column_container vc_col-sm-12\"><div class=\"wpb_wrapper\">\n\t<div class=\"w-map\"><div id=\"gmap987\" style=\"height:400px;\"><\/div><\/div>\n\t<script type=\"text\/javascript\">\n\tjQuery(document).ready(function($) {\n\t\tjQuery(\"#gmap987\").gMap({\n\t\t    zoom: 16,\n\t\t\t\t    markers:[{\n\t\t    \taddress: \"\",\n\t\t\t\tlatitude: 42.340632,\n\t\t    \tlongitude: -3.751755000000003,\n\t\t    \thtml: 'Andamios Burgos - Gr\u00faas Bellver Telf. 947 29 11 80',\n\t\t    \tpopup: true\t\t\t}],\n\t\t\t\tcontrols: {},\n\t\tmaptype: 'HYBRID',\n\t\tscrollwheel:true,\n\t\tcustom:\t{styles: [{stylers: [{\"hue\":\"\"}]}]}\n\t\t});\n\t});\n\t<\/script>\n<\/div><\/div><\/section><section class=\"wpb_row  \"><div class=\"wpb_column vc_column_container vc_col-sm-12\"><div class=\"wpb_wrapper\"><\/div><\/div><\/section>\n","protected":false},"excerpt":{"rendered":"ContactoComplete el fomulario que ve a continuaci\u00f3n, no olvide completar correctamente todo los campos. Pero si prefiere puede ponerse en contacto con nosotros llamando al Telf +34 947291180 o enviarnos un email a informacion@andamiosburgos.es. Nombre (requerido) Correo electr\u00f3nico (requerido) N\u00famero de tel\u00e9fono (requerido) Asunto &#916;document.getElementById( \"ak_js_2\" ).setAttribute( \"value\", ( new Date() ).getTime() ); jQuery(document).ready(function($) { jQuery(\"#gmap360\").gMap({ zoom: 16, markers:[{ address: \"\", latitude: 42.340632, longitude: -3.751755000000003,... <br><br><a class=\"readmore\" href=\"https:\/\/www.andamiosburgos.es\/es\/contactar\/\">Read More<\/a>","protected":false},"author":1,"featured_media":0,"parent":0,"menu_order":0,"comment_status":"closed","ping_status":"closed","template":"","meta":{"footnotes":""},"_links":{"self":[{"href":"https:\/\/www.andamiosburgos.es\/es\/wp-json\/wp\/v2\/pages\/24"}],"collection":[{"href":"https:\/\/www.andamiosburgos.es\/es\/wp-json\/wp\/v2\/pages"}],"about":[{"href":"https:\/\/www.andamiosburgos.es\/es\/wp-json\/wp\/v2\/types\/page"}],"author":[{"embeddable":true,"href":"https:\/\/www.andamiosburgos.es\/es\/wp-json\/wp\/v2\/users\/1"}],"replies":[{"embeddable":true,"href":"https:\/\/www.andamiosburgos.es\/es\/wp-json\/wp\/v2\/comments?post=24"}],"version-history":[{"count":8,"href":"https:\/\/www.andamiosburgos.es\/es\/wp-json\/wp\/v2\/pages\/24\/revisions"}],"predecessor-version":[{"id":344,"href":"https:\/\/www.andamiosburgos.es\/es\/wp-json\/wp\/v2\/pages\/24\/revisions\/344"}],"wp:attachment":[{"href":"https:\/\/www.andamiosburgos.es\/es\/wp-json\/wp\/v2\/media?parent=24"}],"curies":[{"name":"wp","href":"https:\/\/api.w.org\/{rel}","templated":true}]}}