{"id":12,"date":"2016-02-01T01:17:18","date_gmt":"2016-02-01T01:17:18","guid":{"rendered":"http:\/\/www.andamiosburgos.es\/es\/?page_id=12"},"modified":"2016-03-14T23:17:16","modified_gmt":"2016-03-14T23:17:16","slug":"torres-moviles","status":"publish","type":"page","link":"https:\/\/www.andamiosburgos.es\/es\/torres-moviles\/","title":{"rendered":"Trabajos"},"content":{"rendered":"<\/div><\/section><section  class=\"wpb_row   full-row\"><div class=\"wpb_column vc_column_container vc_col-sm-12\"><div class=\"wpb_wrapper\"><section class=\"latest-works col4-w with-space-w\">   \t\r\n<hr class=\"vertical-space1\">\r\n<div class=\"icon-top-title aligncenter\">\r\n<i class=\"\"><\/i><hr class=\"vertical-space1\"><h1>La satisfaci\u00f3n de las cosas bien hechas<\/h1><h4>Una selecci\u00f3n de nuestros trabajos.<\/h4><br>\r\n<nav class=\"primary clearfix\">\r\n<div class=\"portfolioFilters\">\r\n<a href=\"#\" class=\"selected\" data-filter=\"*\">All<\/a>\r\n<a href=\"#\" class=\"\" data-filter=\".andamio-europeo\">Andamio Europeo<\/a><a href=\"#\" class=\"\" data-filter=\".otros-materiales\">Otros Materiales<\/a>\r\n<\/div>\t\r\n<\/nav>\r\n\r\n<\/div>\r\n<hr class=\"vertical-space2\">\r\n<div class=\"portfolio \">\r\n<figure class=\"portfolio-item  andamio-europeo otros-materiales  \">\r\n<div class=\"img-item\"><img decoding=\"async\" src=\"https:\/\/www.andamiosburgos.es\/es\/wp-content\/uploads\/2024\/09\/IMG_6019-portada-1.png\" alt=\"Andamio Catedral Burgos iluminaci\u00f3n\" class=\"thumbnail portfolio_thumb \" \/><div class=\"zoomex2\"><h6>Andamio Catedral Burgos iluminaci\u00f3n<br><small>16 Sep 2024<\/small><\/h6>\r\n<a href=\"https:\/\/www.andamiosburgos.es\/es\/wp-content\/uploads\/2024\/09\/IMG_6019-portada-1.png\" class=\"prettyPhoto zoomlink1\" ><i class=\"fa-plus\"><\/i><\/a><a href=\"https:\/\/www.andamiosburgos.es\/es\/portfolio-items\/andamio-catedral-burgos-iluminacion\/\" class=\"zoomlink2\" ><i class=\"fa-arrow-right\"><\/i><\/a><\/div><\/div>\r\n<\/figure>\r\n<figure class=\"portfolio-item  andamio-europeo  \">\r\n<div class=\"img-item\"><img decoding=\"async\" src=\"https:\/\/www.andamiosburgos.es\/es\/wp-content\/uploads\/2024\/09\/IMG-20240912-WA0006-portada.png\" alt=\"Iglesia Pradoluengo\" class=\"thumbnail portfolio_thumb \" \/><div class=\"zoomex2\"><h6>Iglesia Pradoluengo<br><small>13 Sep 2024<\/small><\/h6>\r\n<a href=\"https:\/\/www.andamiosburgos.es\/es\/wp-content\/uploads\/2024\/09\/IMG-20240912-WA0006-portada.png\" class=\"prettyPhoto zoomlink1\" ><i class=\"fa-plus\"><\/i><\/a><a href=\"https:\/\/www.andamiosburgos.es\/es\/portfolio-items\/iglesia-pradoluengo\/\" class=\"zoomlink2\" ><i class=\"fa-arrow-right\"><\/i><\/a><\/div><\/div>\r\n<\/figure>\r\n<figure class=\"portfolio-item  andamio-europeo  \">\r\n<div class=\"img-item\"><img decoding=\"async\" src=\"https:\/\/www.andamiosburgos.es\/es\/wp-content\/uploads\/2024\/09\/20240712_101924.png\" alt=\"Andamio Catedral de Burgos\" class=\"thumbnail portfolio_thumb \" \/><div class=\"zoomex2\"><h6>Andamio Catedral de Burgos<br><small>10 Sep 2024<\/small><\/h6>\r\n<a href=\"https:\/\/www.andamiosburgos.es\/es\/wp-content\/uploads\/2024\/09\/20240712_101924.png\" class=\"prettyPhoto zoomlink1\" ><i class=\"fa-plus\"><\/i><\/a><a href=\"https:\/\/www.andamiosburgos.es\/es\/portfolio-items\/andamio-catedral-de-burgos\/\" class=\"zoomlink2\" ><i class=\"fa-arrow-right\"><\/i><\/a><\/div><\/div>\r\n<\/figure>\r\n<figure class=\"portfolio-item  andamio-europeo  \">\r\n<div class=\"img-item\"><img decoding=\"async\" src=\"https:\/\/www.andamiosburgos.es\/es\/wp-content\/uploads\/2019\/04\/IMG-20190411-edit-porfolio.jpg\" alt=\"Andamio Fachada Monasterio de San Juan\" class=\"thumbnail portfolio_thumb \" \/><div class=\"zoomex2\"><h6>Andamio Fachada Monasterio de San Juan<br><small>11 Abr 2019<\/small><\/h6>\r\n<a href=\"https:\/\/www.andamiosburgos.es\/es\/wp-content\/uploads\/2019\/04\/IMG-20190411-edit-porfolio.jpg\" class=\"prettyPhoto zoomlink1\" ><i class=\"fa-plus\"><\/i><\/a><a href=\"https:\/\/www.andamiosburgos.es\/es\/portfolio-items\/andamio-fachada-monasterio-de-san-juan\/\" class=\"zoomlink2\" ><i class=\"fa-arrow-right\"><\/i><\/a><\/div><\/div>\r\n<\/figure>\r\n<figure class=\"portfolio-item  andamio-europeo  \">\r\n<div class=\"img-item\"><img decoding=\"async\" src=\"https:\/\/www.andamiosburgos.es\/es\/wp-content\/uploads\/2019\/04\/IMG_1410-edi-porfolio.jpg\" alt=\"Andamio Europeo calle calzadas Burgos\" class=\"thumbnail portfolio_thumb \" \/><div class=\"zoomex2\"><h6>Andamio Europeo calle calzadas Burgos<br><small>11 Abr 2019<\/small><\/h6>\r\n<a href=\"https:\/\/www.andamiosburgos.es\/es\/wp-content\/uploads\/2019\/04\/IMG_1410-edi-porfolio.jpg\" class=\"prettyPhoto zoomlink1\" ><i class=\"fa-plus\"><\/i><\/a><a href=\"https:\/\/www.andamiosburgos.es\/es\/portfolio-items\/andamio-europeo-calle-calzadas-burgos\/\" class=\"zoomlink2\" ><i class=\"fa-arrow-right\"><\/i><\/a><\/div><\/div>\r\n<\/figure>\r\n<figure class=\"portfolio-item  andamio-europeo  \">\r\n<div class=\"img-item\"><img decoding=\"async\" src=\"https:\/\/www.andamiosburgos.es\/es\/wp-content\/uploads\/2019\/04\/IMG-20190410-edi-porfolio.jpg\" alt=\"Andamio Ronda del Ferrocarril Miranda de Ebro\" class=\"thumbnail portfolio_thumb \" \/><div class=\"zoomex2\"><h6>Andamio Ronda del Ferrocarril Miranda de Ebro<br><small>11 Abr 2019<\/small><\/h6>\r\n<a href=\"https:\/\/www.andamiosburgos.es\/es\/wp-content\/uploads\/2019\/04\/IMG-20190410-edi-porfolio.jpg\" class=\"prettyPhoto zoomlink1\" ><i class=\"fa-plus\"><\/i><\/a><a href=\"https:\/\/www.andamiosburgos.es\/es\/portfolio-items\/andamio-ronda-del-ferrocarril-miranda-de-ebro\/\" class=\"zoomlink2\" ><i class=\"fa-arrow-right\"><\/i><\/a><\/div><\/div>\r\n<\/figure>\r\n<figure class=\"portfolio-item  andamio-europeo  \">\r\n<div class=\"img-item\"><img decoding=\"async\" src=\"https:\/\/www.andamiosburgos.es\/es\/wp-content\/uploads\/2016\/03\/trabajo8.jpg\" alt=\"Andamio Calle Vitoria\" class=\"thumbnail portfolio_thumb \" \/><div class=\"zoomex2\"><h6>Andamio Calle Vitoria<br><small>04 Feb 2016<\/small><\/h6>\r\n<a href=\"https:\/\/www.andamiosburgos.es\/es\/wp-content\/uploads\/2016\/03\/trabajo8.jpg\" class=\"prettyPhoto zoomlink1\" ><i class=\"fa-plus\"><\/i><\/a><a href=\"https:\/\/www.andamiosburgos.es\/es\/portfolio-items\/andamio-calle-vitoria\/\" class=\"zoomlink2\" ><i class=\"fa-arrow-right\"><\/i><\/a><\/div><\/div>\r\n<\/figure>\r\n<figure class=\"portfolio-item  andamio-europeo  \">\r\n<div class=\"img-item\"><img decoding=\"async\" src=\"https:\/\/www.andamiosburgos.es\/es\/wp-content\/uploads\/2016\/03\/trabajo7.jpg\" alt=\"Andamiaje en par\u00e1bola\" class=\"thumbnail portfolio_thumb \" \/><div class=\"zoomex2\"><h6>Andamiaje en par\u00e1bola<br><small>04 Feb 2016<\/small><\/h6>\r\n<a href=\"https:\/\/www.andamiosburgos.es\/es\/wp-content\/uploads\/2016\/03\/trabajo7.jpg\" class=\"prettyPhoto zoomlink1\" ><i class=\"fa-plus\"><\/i><\/a><a href=\"https:\/\/www.andamiosburgos.es\/es\/portfolio-items\/andamiaje-en-parabola\/\" class=\"zoomlink2\" ><i class=\"fa-arrow-right\"><\/i><\/a><\/div><\/div>\r\n<\/figure>\r\n<figure class=\"portfolio-item  andamio-europeo  \">\r\n<div class=\"img-item\"><img decoding=\"async\" src=\"https:\/\/www.andamiosburgos.es\/es\/wp-content\/uploads\/2016\/03\/trabajo6.jpg\" alt=\"Andamiaje Palacio de Justicia\" class=\"thumbnail portfolio_thumb \" \/><div class=\"zoomex2\"><h6>Andamiaje Palacio de Justicia<br><small>04 Feb 2016<\/small><\/h6>\r\n<a href=\"https:\/\/www.andamiosburgos.es\/es\/wp-content\/uploads\/2016\/03\/trabajo6.jpg\" class=\"prettyPhoto zoomlink1\" ><i class=\"fa-plus\"><\/i><\/a><a href=\"https:\/\/www.andamiosburgos.es\/es\/portfolio-items\/andamiaje-palacio-de-justicia\/\" class=\"zoomlink2\" ><i class=\"fa-arrow-right\"><\/i><\/a><\/div><\/div>\r\n<\/figure>\r\n<figure class=\"portfolio-item  andamio-europeo  \">\r\n<div class=\"img-item\"><img decoding=\"async\" src=\"https:\/\/www.andamiosburgos.es\/es\/wp-content\/uploads\/2016\/03\/trabajo5.jpg\" alt=\"Andamio interior de sujeci\u00f3n Iglesia\" class=\"thumbnail portfolio_thumb \" \/><div class=\"zoomex2\"><h6>Andamio interior de sujeci\u00f3n Iglesia<br><small>04 Feb 2016<\/small><\/h6>\r\n<a href=\"https:\/\/www.andamiosburgos.es\/es\/wp-content\/uploads\/2016\/03\/trabajo5.jpg\" class=\"prettyPhoto zoomlink1\" ><i class=\"fa-plus\"><\/i><\/a><a href=\"https:\/\/www.andamiosburgos.es\/es\/portfolio-items\/andamio-interior-de-sujecion-iglesia\/\" class=\"zoomlink2\" ><i class=\"fa-arrow-right\"><\/i><\/a><\/div><\/div>\r\n<\/figure>\r\n<figure class=\"portfolio-item  andamio-europeo  \">\r\n<div class=\"img-item\"><img decoding=\"async\" src=\"https:\/\/www.andamiosburgos.es\/es\/wp-content\/uploads\/2016\/03\/trabajo4.jpg\" alt=\"Andamiaje Colegio Fuentecillas\" class=\"thumbnail portfolio_thumb \" \/><div class=\"zoomex2\"><h6>Andamiaje Colegio Fuentecillas<br><small>04 Feb 2016<\/small><\/h6>\r\n<a href=\"https:\/\/www.andamiosburgos.es\/es\/wp-content\/uploads\/2016\/03\/trabajo4.jpg\" class=\"prettyPhoto zoomlink1\" ><i class=\"fa-plus\"><\/i><\/a><a href=\"https:\/\/www.andamiosburgos.es\/es\/portfolio-items\/andamiaje-colegio-fuentecillas\/\" class=\"zoomlink2\" ><i class=\"fa-arrow-right\"><\/i><\/a><\/div><\/div>\r\n<\/figure>\r\n<figure class=\"portfolio-item  andamio-europeo  \">\r\n<div class=\"img-item\"><img decoding=\"async\" src=\"https:\/\/www.andamiosburgos.es\/es\/wp-content\/uploads\/2016\/03\/trabajo3.jpg\" alt=\"Andamio Colegio Campolara\" class=\"thumbnail portfolio_thumb \" \/><div class=\"zoomex2\"><h6>Andamio Colegio Campolara<br><small>04 Feb 2016<\/small><\/h6>\r\n<a href=\"https:\/\/www.andamiosburgos.es\/es\/wp-content\/uploads\/2016\/03\/trabajo3.jpg\" class=\"prettyPhoto zoomlink1\" ><i class=\"fa-plus\"><\/i><\/a><a href=\"https:\/\/www.andamiosburgos.es\/es\/portfolio-items\/colegio-campolara-andamio\/\" class=\"zoomlink2\" ><i class=\"fa-arrow-right\"><\/i><\/a><\/div><\/div>\r\n<\/figure>\r\n<figure class=\"portfolio-item  andamio-europeo  \">\r\n<div class=\"img-item\"><img decoding=\"async\" src=\"https:\/\/www.andamiosburgos.es\/es\/wp-content\/uploads\/2016\/03\/trabajo2.jpg\" alt=\"Andamio Catedral de Burgos\" class=\"thumbnail portfolio_thumb \" \/><div class=\"zoomex2\"><h6>Andamio Catedral de Burgos<br><small>03 Feb 2016<\/small><\/h6>\r\n<a href=\"https:\/\/www.andamiosburgos.es\/es\/wp-content\/uploads\/2016\/03\/trabajo2.jpg\" class=\"prettyPhoto zoomlink1\" ><i class=\"fa-plus\"><\/i><\/a><a href=\"https:\/\/www.andamiosburgos.es\/es\/portfolio-items\/catedral-burgos\/\" class=\"zoomlink2\" ><i class=\"fa-arrow-right\"><\/i><\/a><\/div><\/div>\r\n<\/figure>\r\n<figure class=\"portfolio-item  andamio-europeo  \">\r\n<div class=\"img-item\"><img decoding=\"async\" src=\"https:\/\/www.andamiosburgos.es\/es\/wp-content\/uploads\/2016\/03\/Trabajo1.jpg\" alt=\"Andamio calle carnicerias Burgos\" class=\"thumbnail portfolio_thumb \" \/><div class=\"zoomex2\"><h6>Andamio calle carnicerias Burgos<br><small>03 Feb 2016<\/small><\/h6>\r\n<a href=\"https:\/\/www.andamiosburgos.es\/es\/wp-content\/uploads\/2016\/03\/Trabajo1.jpg\" class=\"prettyPhoto zoomlink1\" ><i class=\"fa-plus\"><\/i><\/a><a href=\"https:\/\/www.andamiosburgos.es\/es\/portfolio-items\/primer-porfolio\/\" class=\"zoomlink2\" ><i class=\"fa-arrow-right\"><\/i><\/a><\/div><\/div>\r\n<\/figure>\r\n      <!-- end-portfolio-item-->\r\n         \r\n\r\n      <!-- end-portfolio-item-->\r\n\t\t\t <\/div>\t\r\n<\/section><\/div><\/div><\/section><section class=\"container\"><div class=\"row-wrapper-x\"><\/div><\/section><section  class=\"wpb_row   full-row\"><div class=\"wpb_column vc_column_container vc_col-sm-12\"><div class=\"wpb_wrapper\"><div class=\"vc_separator wpb_content_element vc_separator_align_center vc_sep_width_100 vc_sep_pos_align_center vc_separator_no_text vc_sep_color_juicy_pink\"><span class=\"vc_sep_holder vc_sep_holder_l\"><span  class=\"vc_sep_line\"><\/span><\/span><span class=\"vc_sep_holder vc_sep_holder_r\"><span  class=\"vc_sep_line\"><\/span><\/span>\n<\/div><\/div><\/div><\/section><section class=\"container\"><div class=\"row-wrapper-x\">\n","protected":false},"excerpt":{"rendered":"Andamio en Calle Carnicer\u00edas en Burgos, edificio cl\u00e1sico, montaje integral de andamio para mantenimiento y restauraci\u00f3n de la fachada.","protected":false},"author":1,"featured_media":0,"parent":0,"menu_order":0,"comment_status":"closed","ping_status":"closed","template":"","meta":{"footnotes":""},"_links":{"self":[{"href":"https:\/\/www.andamiosburgos.es\/es\/wp-json\/wp\/v2\/pages\/12"}],"collection":[{"href":"https:\/\/www.andamiosburgos.es\/es\/wp-json\/wp\/v2\/pages"}],"about":[{"href":"https:\/\/www.andamiosburgos.es\/es\/wp-json\/wp\/v2\/types\/page"}],"author":[{"embeddable":true,"href":"https:\/\/www.andamiosburgos.es\/es\/wp-json\/wp\/v2\/users\/1"}],"replies":[{"embeddable":true,"href":"https:\/\/www.andamiosburgos.es\/es\/wp-json\/wp\/v2\/comments?post=12"}],"version-history":[{"count":10,"href":"https:\/\/www.andamiosburgos.es\/es\/wp-json\/wp\/v2\/pages\/12\/revisions"}],"predecessor-version":[{"id":302,"href":"https:\/\/www.andamiosburgos.es\/es\/wp-json\/wp\/v2\/pages\/12\/revisions\/302"}],"wp:attachment":[{"href":"https:\/\/www.andamiosburgos.es\/es\/wp-json\/wp\/v2\/media?parent=12"}],"curies":[{"name":"wp","href":"https:\/\/api.w.org\/{rel}","templated":true}]}}